{"id":66,"date":"2021-04-03T12:28:26","date_gmt":"2021-04-03T12:28:26","guid":{"rendered":"https:\/\/adawo.com.pl\/?page_id=66"},"modified":"2021-04-13T07:33:26","modified_gmt":"2021-04-13T07:33:26","slug":"main","status":"publish","type":"page","link":"https:\/\/adawo.com.pl\/","title":{"rendered":"Home page"},"content":{"rendered":"\n<div style=\"height:250px\" aria-hidden=\"true\" class=\"wp-block-spacer\"><\/div>\n\n\n\n<h2 class=\"alignwide has-text-align-left wp-block-heading\"><strong><span class=\"has-inline-color has-white-color\">O firmie<\/span><\/strong><\/h2>\n\n\n\n<p class=\"has-text-align-left\" style=\"line-height:1.5\"><span class=\"has-inline-color has-white-color\">Jako w\u0142a\u015bcicielka powsta\u0142ego w 2018 roku biura projekt\u00f3w sanitarnych ADAWO zajmuj\u0119 si\u0119 przygotowywaniem projekt\u00f3w, na kt\u00f3re sk\u0142adaj\u0105 si\u0119 instalacje:<\/span><\/p>\n\n\n\n<ul class=\"has-white-color has-text-color wp-block-list\"><li><span class=\"has-inline-color has-white-color\">zewn\u0119trzne (wodoci\u0105gowe, kanalizacji deszczowej i sanitarnej, gazowe),<\/span><\/li><li><span class=\"has-inline-color has-white-color\">wewn\u0119trzne (ciep\u0142ej i zimnej wody u\u017cytkowej, cyrkulacji, centralnego ogrzewania, ciep\u0142a technologicznego, hydrantowe, gazowe, wentylacji mechanicznej, klimatyzacji).<\/span><\/li><\/ul>\n\n\n\n<p class=\"has-text-align-left\"><span class=\"has-inline-color has-white-color\">Realizuj\u0105c powierzone zlecenia, korzystam z wiedzy zdobytej podczas studi\u00f3w na Wydziale In\u017cynierii L\u0105dowej i \u015arodowiska Politechniki Gda\u0144skiej i do\u015bwiadczenia nabywanego od 2008 roku, pracuj\u0105c pocz\u0105tkowo w trzech biurach projektowych i jednej firmie projektowo-wykonawczej. W sesji wiosennej 2015 roku uzyska\u0142am uprawnienia projektowe Izby In\u017cynier\u00f3w Budownictwa. Korzystam ze specjalistycznego oprogramowania do projektowania wentylacji, obliczania zapotrzebowania ciep\u0142a, rysowania instalacji grzewczych i wod-kan. W\u015br\u00f3d dotychczas zrealizowanych przeze mnie projekt\u00f3w znajduj\u0105 si\u0119:<\/span><\/p>\n\n\n\n<ul class=\"has-white-color has-text-color wp-block-list\"><li><span class=\"has-inline-color has-white-color\">adaptacje projekt\u00f3w gotowych,<\/span><\/li><li><span class=\"has-inline-color has-white-color\">przy\u0142\u0105cza i sieci wod-kan,<\/span><\/li><li><span class=\"has-inline-color has-white-color\">przy\u0142\u0105cza i sieci gazowe,<\/span><\/li><li><span class=\"has-inline-color has-white-color\">przy\u0142\u0105cza ciep\u0142ownicze,<\/span><\/li><li><span class=\"has-inline-color has-white-color\">instalacje wewn\u0119trzne dla budynk\u00f3w: mieszkalnych, biurowych, us\u0142ugowych, hoteli, szk\u00f3\u0142 oraz hal produkcyjnych i magazynowych.<\/span><\/li><\/ul>\n\n\n\n<p><span class=\"has-inline-color has-white-color\">Moj\u0105 prac\u0119 charakteryzuje wysoka jako\u015b\u0107 i terminowo\u015b\u0107. Zapraszam do podj\u0119cia wsp\u00f3\u0142pracy.<\/span><\/p>\n\n\n\n<p class=\"has-text-align-right\"><span class=\"has-inline-color has-white-color\">Adriana Adamowicz<\/span><\/p>\n\n\n\n<h2 class=\"alignwide has-text-align-left wp-block-heading\"><span class=\"has-inline-color has-white-color\">Kontakt<\/span><\/h2>\n\n\n\n<p><span class=\"has-inline-color has-white-color\">ADAWO Projekty Sanitarne Adriana Adamowicz<br>ul. Ma\u0142opolska 37, 81-813 Sopot<br>Telefon: +48 696 726 627<br>e-mail: biuro@adawo.com.pl<\/span><\/p>\n\n\n\n<p><span class=\"has-inline-color has-white-color\">NIP: 593-23-39-716<br>Regon: 380988126<\/span><\/p>\n","protected":false},"excerpt":{"rendered":"<p>O firmie Jako w\u0142a\u015bcicielka powsta\u0142ego w 2018 roku biura projekt\u00f3w sanitarnych ADAWO zajmuj\u0119 si\u0119 przygotowywaniem projekt\u00f3w, na kt\u00f3re sk\u0142adaj\u0105 si\u0119 instalacje: zewn\u0119trzne (wodoci\u0105gowe, kanalizacji deszczowej i sanitarnej, gazowe), wewn\u0119trzne (ciep\u0142ej i zimnej wody u\u017cytkowej, cyrkulacji, centralnego ogrzewania, ciep\u0142a technologicznego, hydrantowe, gazowe, wentylacji mechanicznej, klimatyzacji). Realizuj\u0105c powierzone zlecenia, korzystam z wiedzy zdobytej podczas studi\u00f3w na Wydziale&hellip; <a class=\"more-link\" href=\"https:\/\/adawo.com.pl\/\">Continue reading <span class=\"screen-reader-text\">Home page<\/span><\/a><\/p>\n","protected":false},"author":1,"featured_media":0,"parent":0,"menu_order":0,"comment_status":"closed","ping_status":"closed","template":"","meta":{"footnotes":""},"class_list":["post-66","page","type-page","status-publish","hentry","entry"],"_links":{"self":[{"href":"https:\/\/adawo.com.pl\/index.php\/wp-json\/wp\/v2\/pages\/66","targetHints":{"allow":["GET"]}}],"collection":[{"href":"https:\/\/adawo.com.pl\/index.php\/wp-json\/wp\/v2\/pages"}],"about":[{"href":"https:\/\/adawo.com.pl\/index.php\/wp-json\/wp\/v2\/types\/page"}],"author":[{"embeddable":true,"href":"https:\/\/adawo.com.pl\/index.php\/wp-json\/wp\/v2\/users\/1"}],"replies":[{"embeddable":true,"href":"https:\/\/adawo.com.pl\/index.php\/wp-json\/wp\/v2\/comments?post=66"}],"version-history":[{"count":25,"href":"https:\/\/adawo.com.pl\/index.php\/wp-json\/wp\/v2\/pages\/66\/revisions"}],"predecessor-version":[{"id":130,"href":"https:\/\/adawo.com.pl\/index.php\/wp-json\/wp\/v2\/pages\/66\/revisions\/130"}],"wp:attachment":[{"href":"https:\/\/adawo.com.pl\/index.php\/wp-json\/wp\/v2\/media?parent=66"}],"curies":[{"name":"wp","href":"https:\/\/api.w.org\/{rel}","templated":true}]}}